{"id":3182,"date":"2024-06-27T08:54:33","date_gmt":"2024-06-27T06:54:33","guid":{"rendered":"http:\/\/corporess.com\/referenze\/"},"modified":"2025-04-07T14:30:57","modified_gmt":"2025-04-07T12:30:57","slug":"references","status":"publish","type":"page","link":"https:\/\/corporess.com\/fr\/references\/","title":{"rendered":"R\u00c9F\u00c9RENCES"},"content":{"rendered":"<p><div class=\"fusion-fullwidth fullwidth-box fusion-builder-row-1 fusion-flex-container gradient-container-1 nonhundred-percent-fullwidth non-hundred-percent-height-scrolling\" style=\"--awb-background-position:left top;--awb-border-sizes-top:0px;--awb-border-sizes-bottom:0px;--awb-border-sizes-left:0px;--awb-border-sizes-right:0px;--awb-border-radius-top-left:0px;--awb-border-radius-top-right:0px;--awb-border-radius-bottom-right:0px;--awb-border-radius-bottom-left:0px;--awb-padding-top:90px;--awb-padding-bottom:60px;--awb-flex-wrap:wrap;\" ><div class=\"fusion-builder-row fusion-row fusion-flex-align-items-flex-start fusion-flex-content-wrap\" style=\"max-width:calc( 1170px + 0px );margin-left: calc(-0px \/ 2 );margin-right: calc(-0px \/ 2 );\"><div class=\"fusion-layout-column fusion_builder_column fusion-builder-column-0 fusion_builder_column_1_1 1_1 fusion-flex-column fusion-flex-align-self-flex-start fusion-column-no-min-height\" style=\"--awb-bg-blend:overlay;--awb-bg-size:cover;--awb-width-large:100%;--awb-margin-top-large:0px;--awb-spacing-right-large:0px;--awb-margin-bottom-large:0px;--awb-spacing-left-large:0px;--awb-width-medium:100%;--awb-spacing-right-medium:0px;--awb-spacing-left-medium:0px;--awb-width-small:100%;--awb-spacing-right-small:0px;--awb-spacing-left-small:0px;\"><div class=\"fusion-column-wrapper fusion-flex-justify-content-flex-start fusion-content-layout-column\"><div class=\"fusion-text fusion-text-1\" style=\"--awb-content-alignment:center;--awb-font-size:20px;\"><p>Voici une s\u00e9lection de nos principaux clients qui ont choisi de faire confiance \u00e0 notre <strong>expertise, notre savoir-faire et notre engagement<\/strong>. Leur <strong>fid\u00e9lit\u00e9 et leur soutien continu<\/strong> sont la meilleure preuve de la <strong>qualit\u00e9 de notre travail.<\/strong><\/p>\n<\/div><\/div><\/div><\/div><\/div><div class=\"fusion-fullwidth fullwidth-box fusion-builder-row-2 fusion-flex-container has-pattern-background has-mask-background gradient-container-2 nonhundred-percent-fullwidth non-hundred-percent-height-scrolling\" style=\"--awb-background-position:left top;--awb-border-sizes-top:0px;--awb-border-sizes-bottom:0px;--awb-border-sizes-left:0px;--awb-border-sizes-right:0px;--awb-border-radius-top-left:0px;--awb-border-radius-top-right:0px;--awb-border-radius-bottom-right:0px;--awb-border-radius-bottom-left:0px;--awb-padding-top:50px;--awb-padding-right:0px;--awb-padding-bottom:50px;--awb-padding-left:0px;--awb-padding-right-small:25px;--awb-padding-left-small:25px;--awb-background-color:var(--awb-color8);--awb-flex-wrap:wrap;\" ><div class=\"fusion-builder-row fusion-row fusion-flex-align-items-center fusion-flex-justify-content-center fusion-flex-content-wrap\" style=\"max-width:calc( 1170px + 0px );margin-left: calc(-0px \/ 2 );margin-right: calc(-0px \/ 2 );\"><div class=\"fusion-layout-column fusion_builder_column fusion-builder-column-1 fusion_builder_column_1_1 1_1 fusion-flex-column fusion-flex-align-self-center\" style=\"--awb-padding-top:3%;--awb-padding-right:9%;--awb-padding-bottom:0%;--awb-padding-left:9%;--awb-padding-right-small:25px;--awb-padding-left-small:25px;--awb-bg-blend:overlay;--awb-bg-repeat:repeat;--awb-width-large:100%;--awb-margin-top-large:0px;--awb-spacing-right-large:0px;--awb-margin-bottom-large:46px;--awb-spacing-left-large:0px;--awb-width-medium:100%;--awb-spacing-right-medium:0px;--awb-spacing-left-medium:0px;--awb-width-small:100%;--awb-spacing-right-small:0px;--awb-spacing-left-small:0px;\"><div class=\"fusion-column-wrapper fusion-flex-justify-content-center fusion-content-layout-column\"><div class=\"awb-gallery-wrapper awb-gallery-wrapper-1 button-span-no\" style=\"--more-btn-alignment:center;\"><div style=\"margin:-7px;--awb-bordersize:1px;--awb-bordercolor:var(--awb-color8);\" class=\"fusion-gallery fusion-gallery-container fusion-grid-3 fusion-columns-total-11 fusion-gallery-layout-grid fusion-gallery-1\"><div style=\"padding:7.5px;\" class=\"fusion-grid-column fusion-gallery-column fusion-gallery-column-3 hover-type-none\"><div class=\"fusion-gallery-image\"><a href=\"https:\/\/corporess.com\/wp-content\/uploads\/2024\/12\/post400x200.jpg\" rel=\"noreferrer\" data-rel=\"iLightbox[gallery_image_1]\" class=\"fusion-lightbox\" target=\"_self\"><img decoding=\"async\" src=\"https:\/\/corporess.com\/wp-content\/uploads\/2024\/12\/post400x200.jpg\" width=\"400\" height=\"200\" alt=\"\" title=\"post400x200\" aria-label=\"post400x200\" class=\"img-responsive wp-image-2170 fusion-gallery-image-size-fixed\" srcset=\"https:\/\/corporess.com\/wp-content\/uploads\/2024\/12\/post400x200-200x100.jpg 200w, https:\/\/corporess.com\/wp-content\/uploads\/2024\/12\/post400x200.jpg 400w\" sizes=\"(min-width: 2200px) 100vw, (min-width: 824px) 385px, (min-width: 732px) 578px, (min-width: 640px) 732px, \" \/><\/a><\/div><\/div><div style=\"padding:7.5px;\" class=\"fusion-grid-column fusion-gallery-column fusion-gallery-column-3 hover-type-none\"><div class=\"fusion-gallery-image\"><a href=\"https:\/\/corporess.com\/wp-content\/uploads\/2024\/12\/avolta400x200.jpg\" rel=\"noreferrer\" data-rel=\"iLightbox[gallery_image_1]\" class=\"fusion-lightbox\" target=\"_self\"><img decoding=\"async\" src=\"https:\/\/corporess.com\/wp-content\/uploads\/2024\/12\/avolta400x200.jpg\" width=\"400\" height=\"200\" alt=\"\" title=\"avolta400x200\" aria-label=\"avolta400x200\" class=\"img-responsive wp-image-2167 fusion-gallery-image-size-fixed\" srcset=\"https:\/\/corporess.com\/wp-content\/uploads\/2024\/12\/avolta400x200-200x100.jpg 200w, https:\/\/corporess.com\/wp-content\/uploads\/2024\/12\/avolta400x200.jpg 400w\" sizes=\"(min-width: 2200px) 100vw, (min-width: 824px) 385px, (min-width: 732px) 578px, (min-width: 640px) 732px, \" \/><\/a><\/div><\/div><div style=\"padding:7.5px;\" class=\"fusion-grid-column fusion-gallery-column fusion-gallery-column-3 hover-type-none\"><div class=\"fusion-gallery-image\"><a href=\"https:\/\/corporess.com\/wp-content\/uploads\/2024\/06\/airporttaxi-2.png\" rel=\"noreferrer\" data-rel=\"iLightbox[gallery_image_1]\" class=\"fusion-lightbox\" target=\"_self\"><img decoding=\"async\" src=\"https:\/\/corporess.com\/wp-content\/uploads\/2024\/06\/airporttaxi-2.png\" width=\"400\" height=\"200\" alt=\"\" title=\"airporttaxi-2\" aria-label=\"airporttaxi-2\" class=\"img-responsive wp-image-1576 fusion-gallery-image-size-fixed\" srcset=\"https:\/\/corporess.com\/wp-content\/uploads\/2024\/06\/airporttaxi-2-200x100.png 200w, https:\/\/corporess.com\/wp-content\/uploads\/2024\/06\/airporttaxi-2.png 400w\" sizes=\"(min-width: 2200px) 100vw, (min-width: 824px) 385px, (min-width: 732px) 578px, (min-width: 640px) 732px, \" \/><\/a><\/div><\/div><div class=\"clearfix\"><\/div><div style=\"padding:7.5px;\" class=\"fusion-grid-column fusion-gallery-column fusion-gallery-column-3 hover-type-none\"><div class=\"fusion-gallery-image\"><a href=\"https:\/\/corporess.com\/wp-content\/uploads\/2024\/12\/swiss400x200.jpg\" rel=\"noreferrer\" data-rel=\"iLightbox[gallery_image_1]\" class=\"fusion-lightbox\" target=\"_self\"><img decoding=\"async\" src=\"https:\/\/corporess.com\/wp-content\/uploads\/2024\/12\/swiss400x200.jpg\" width=\"400\" height=\"200\" alt=\"\" title=\"swiss400x200\" aria-label=\"swiss400x200\" class=\"img-responsive wp-image-2165 fusion-gallery-image-size-fixed\" srcset=\"https:\/\/corporess.com\/wp-content\/uploads\/2024\/12\/swiss400x200-200x100.jpg 200w, https:\/\/corporess.com\/wp-content\/uploads\/2024\/12\/swiss400x200.jpg 400w\" sizes=\"(min-width: 2200px) 100vw, (min-width: 824px) 385px, (min-width: 732px) 578px, (min-width: 640px) 732px, \" \/><\/a><\/div><\/div><div style=\"padding:7.5px;\" class=\"fusion-grid-column fusion-gallery-column fusion-gallery-column-3 hover-type-none\"><div class=\"fusion-gallery-image\"><a href=\"https:\/\/corporess.com\/wp-content\/uploads\/2024\/12\/corporess_sfv_400x200.jpg\" rel=\"noreferrer\" data-rel=\"iLightbox[gallery_image_1]\" class=\"fusion-lightbox\" target=\"_self\"><img decoding=\"async\" src=\"https:\/\/corporess.com\/wp-content\/uploads\/2024\/12\/corporess_sfv_400x200.jpg\" width=\"400\" height=\"200\" alt=\"\" title=\"corporess_sfv_400x200\" aria-label=\"corporess_sfv_400x200\" class=\"img-responsive wp-image-2176 fusion-gallery-image-size-fixed\" srcset=\"https:\/\/corporess.com\/wp-content\/uploads\/2024\/12\/corporess_sfv_400x200-200x100.jpg 200w, https:\/\/corporess.com\/wp-content\/uploads\/2024\/12\/corporess_sfv_400x200.jpg 400w\" sizes=\"(min-width: 2200px) 100vw, (min-width: 824px) 385px, (min-width: 732px) 578px, (min-width: 640px) 732px, \" \/><\/a><\/div><\/div><div style=\"padding:7.5px;\" class=\"fusion-grid-column fusion-gallery-column fusion-gallery-column-3 hover-type-none\"><div class=\"fusion-gallery-image\"><a href=\"https:\/\/corporess.com\/wp-content\/uploads\/2024\/12\/harm400x200.jpg\" rel=\"noreferrer\" data-rel=\"iLightbox[gallery_image_1]\" class=\"fusion-lightbox\" target=\"_self\"><img decoding=\"async\" src=\"https:\/\/corporess.com\/wp-content\/uploads\/2024\/12\/harm400x200.jpg\" width=\"400\" height=\"200\" alt=\"\" title=\"harm400x200\" aria-label=\"harm400x200\" class=\"img-responsive wp-image-2164 fusion-gallery-image-size-fixed\" srcset=\"https:\/\/corporess.com\/wp-content\/uploads\/2024\/12\/harm400x200-200x100.jpg 200w, https:\/\/corporess.com\/wp-content\/uploads\/2024\/12\/harm400x200.jpg 400w\" sizes=\"(min-width: 2200px) 100vw, (min-width: 824px) 385px, (min-width: 732px) 578px, (min-width: 640px) 732px, \" \/><\/a><\/div><\/div><div class=\"clearfix\"><\/div><div style=\"padding:7.5px;\" class=\"fusion-grid-column fusion-gallery-column fusion-gallery-column-3 hover-type-none\"><div class=\"fusion-gallery-image\"><a href=\"https:\/\/corporess.com\/wp-content\/uploads\/2024\/06\/dnata-2.png\" rel=\"noreferrer\" data-rel=\"iLightbox[gallery_image_1]\" class=\"fusion-lightbox\" target=\"_self\"><img decoding=\"async\" src=\"https:\/\/corporess.com\/wp-content\/uploads\/2024\/06\/dnata-2.png\" width=\"400\" height=\"200\" alt=\"\" title=\"dnata-2\" aria-label=\"dnata-2\" class=\"img-responsive wp-image-1582 fusion-gallery-image-size-fixed\" srcset=\"https:\/\/corporess.com\/wp-content\/uploads\/2024\/06\/dnata-2-200x100.png 200w, https:\/\/corporess.com\/wp-content\/uploads\/2024\/06\/dnata-2.png 400w\" sizes=\"(min-width: 2200px) 100vw, (min-width: 824px) 385px, (min-width: 732px) 578px, (min-width: 640px) 732px, \" \/><\/a><\/div><\/div><div style=\"padding:7.5px;\" class=\"fusion-grid-column fusion-gallery-column fusion-gallery-column-3 hover-type-none\"><div class=\"fusion-gallery-image\"><a href=\"https:\/\/corporess.com\/wp-content\/uploads\/2024\/06\/cgs-2.png\" rel=\"noreferrer\" data-rel=\"iLightbox[gallery_image_1]\" class=\"fusion-lightbox\" target=\"_self\"><img decoding=\"async\" src=\"https:\/\/corporess.com\/wp-content\/uploads\/2024\/06\/cgs-2.png\" width=\"400\" height=\"200\" alt=\"\" title=\"cgs-2\" aria-label=\"cgs-2\" class=\"img-responsive wp-image-1585 fusion-gallery-image-size-fixed\" srcset=\"https:\/\/corporess.com\/wp-content\/uploads\/2024\/06\/cgs-2-200x100.png 200w, https:\/\/corporess.com\/wp-content\/uploads\/2024\/06\/cgs-2.png 400w\" sizes=\"(min-width: 2200px) 100vw, (min-width: 824px) 385px, (min-width: 732px) 578px, (min-width: 640px) 732px, \" \/><\/a><\/div><\/div><div style=\"padding:7.5px;\" class=\"fusion-grid-column fusion-gallery-column fusion-gallery-column-3 hover-type-none\"><div class=\"fusion-gallery-image\"><a href=\"https:\/\/corporess.com\/wp-content\/uploads\/2024\/06\/airastana-2.png\" rel=\"noreferrer\" data-rel=\"iLightbox[gallery_image_1]\" class=\"fusion-lightbox\" target=\"_self\"><img decoding=\"async\" src=\"https:\/\/corporess.com\/wp-content\/uploads\/2024\/06\/airastana-2.png\" width=\"400\" height=\"200\" alt=\"\" title=\"airastana-2\" aria-label=\"airastana-2\" class=\"img-responsive wp-image-1579 fusion-gallery-image-size-fixed\" srcset=\"https:\/\/corporess.com\/wp-content\/uploads\/2024\/06\/airastana-2-200x100.png 200w, https:\/\/corporess.com\/wp-content\/uploads\/2024\/06\/airastana-2.png 400w\" sizes=\"(min-width: 2200px) 100vw, (min-width: 824px) 385px, (min-width: 732px) 578px, (min-width: 640px) 732px, \" \/><\/a><\/div><\/div><div class=\"clearfix\"><\/div><div style=\"padding:7.5px;\" class=\"fusion-grid-column fusion-gallery-column fusion-gallery-column-3 hover-type-none\"><div class=\"fusion-gallery-image\"><a href=\"https:\/\/corporess.com\/wp-content\/uploads\/2024\/06\/helvetic-2.png\" rel=\"noreferrer\" data-rel=\"iLightbox[gallery_image_1]\" class=\"fusion-lightbox\" target=\"_self\"><img decoding=\"async\" src=\"https:\/\/corporess.com\/wp-content\/uploads\/2024\/06\/helvetic-2.png\" width=\"400\" height=\"200\" alt=\"\" title=\"helvetic-2\" aria-label=\"helvetic-2\" class=\"img-responsive wp-image-1587 fusion-gallery-image-size-fixed\" srcset=\"https:\/\/corporess.com\/wp-content\/uploads\/2024\/06\/helvetic-2-200x100.png 200w, https:\/\/corporess.com\/wp-content\/uploads\/2024\/06\/helvetic-2.png 400w\" sizes=\"(min-width: 2200px) 100vw, (min-width: 824px) 385px, (min-width: 732px) 578px, (min-width: 640px) 732px, \" \/><\/a><\/div><\/div><div style=\"padding:7.5px;\" class=\"fusion-grid-column fusion-gallery-column fusion-gallery-column-3 hover-type-none\"><div class=\"fusion-gallery-image\"><a href=\"https:\/\/corporess.com\/wp-content\/uploads\/2024\/12\/edelweiss400x200.jpg\" rel=\"noreferrer\" data-rel=\"iLightbox[gallery_image_1]\" class=\"fusion-lightbox\" target=\"_self\"><img decoding=\"async\" src=\"https:\/\/corporess.com\/wp-content\/uploads\/2024\/12\/edelweiss400x200.jpg\" width=\"400\" height=\"200\" alt=\"\" title=\"edelweiss400x200\" aria-label=\"edelweiss400x200\" class=\"img-responsive wp-image-2163 fusion-gallery-image-size-fixed\" srcset=\"https:\/\/corporess.com\/wp-content\/uploads\/2024\/12\/edelweiss400x200-200x100.jpg 200w, https:\/\/corporess.com\/wp-content\/uploads\/2024\/12\/edelweiss400x200.jpg 400w\" sizes=\"(min-width: 2200px) 100vw, (min-width: 824px) 385px, (min-width: 732px) 578px, (min-width: 640px) 732px, \" \/><\/a><\/div><\/div><\/div><\/div><\/div><\/div><\/div><\/div><div class=\"fusion-bg-parallax\" data-bg-align=\"center center\" data-direction=\"up\" data-mute=\"false\" data-opacity=\"100\" data-velocity=\"-0.3\" data-mobile-enabled=\"false\" data-break_parents=\"0\" data-bg-image=\"http:\/\/corporess.com\/wp-content\/uploads\/2024\/06\/2148898082-2000.jpg\" data-bg-repeat=\"false\" data-bg-color=\"var(--awb-color5)\" data-bg-gradient-type=\"linear\" data-bg-gradient-angle=\"180\" data-bg-gradient-start-color=\"rgba(18,18,19,0.4)\" data-bg-gradient-start-position=\"0\" data-bg-gradient-end-color=\"rgba(18,18,19,0.4)\" data-bg-gradient-end-position=\"100\" data-bg-radial-direction=\"center center\" ><\/div><div class=\"fusion-fullwidth fullwidth-box fusion-builder-row-3 fusion-flex-container fusion-parallax-up gradient-container-3 nonhundred-percent-fullwidth non-hundred-percent-height-scrolling lazyload\" style=\"--awb-border-sizes-top:0px;--awb-border-sizes-bottom:0px;--awb-border-sizes-left:0px;--awb-border-sizes-right:0px;--awb-border-radius-top-left:0px;--awb-border-radius-top-right:0px;--awb-border-radius-bottom-right:0px;--awb-border-radius-bottom-left:0px;--awb-padding-top:150px;--awb-padding-bottom:150px;--awb-background-color:var(--awb-color5);--awb-background-image:linear-gradient(180deg, rgba(18,18,19,0.4) 0%,rgba(18,18,19,0.4) 100%);;--awb-background-size:cover;--awb-flex-wrap:wrap;\" data-bg=\"http:\/\/corporess.com\/wp-content\/uploads\/2024\/06\/2148898082-2000.jpg\" data-bg-gradient=\"linear-gradient(180deg, rgba(18,18,19,0.4) 0%,rgba(18,18,19,0.4) 100%)\" ><div class=\"fusion-builder-row fusion-row fusion-flex-align-items-flex-start fusion-flex-content-wrap\" style=\"max-width:calc( 1170px + 0px );margin-left: calc(-0px \/ 2 );margin-right: calc(-0px \/ 2 );\"><div class=\"fusion-layout-column fusion_builder_column fusion-builder-column-2 fusion_builder_column_1_1 1_1 fusion-flex-column fusion-flex-align-self-flex-start fusion-column-no-min-height\" style=\"--awb-bg-blend:overlay;--awb-bg-size:cover;--awb-width-large:100%;--awb-margin-top-large:0px;--awb-spacing-right-large:0px;--awb-margin-bottom-large:0px;--awb-spacing-left-large:0px;--awb-width-medium:100%;--awb-spacing-right-medium:0px;--awb-spacing-left-medium:0px;--awb-width-small:100%;--awb-spacing-right-small:0px;--awb-spacing-left-small:0px;\"><div class=\"fusion-column-wrapper fusion-flex-justify-content-flex-start fusion-content-layout-column\"><div class=\"fusion-title title fusion-title-1 fusion-title-center fusion-title-text fusion-title-size-two\" style=\"--awb-margin-bottom:20px;\"><div class=\"title-sep-container title-sep-container-left\"><div class=\"title-sep sep- sep-solid\" style=\"border-color:hsla(var(--awb-color1-h),var(--awb-color1-s),var(--awb-color1-l),calc( var(--awb-color1-a) - 80% ));\"><\/div><\/div><span class=\"awb-title-spacer\"><\/span><h2 class=\"fusion-title-heading title-heading-center fusion-responsive-typography-calculated\" style=\"margin:0;--fontSize:40;line-height:1.1;\">\u00c0 votre service!<\/h2><span class=\"awb-title-spacer\"><\/span><div class=\"title-sep-container title-sep-container-right\"><div class=\"title-sep sep- sep-solid\" style=\"border-color:hsla(var(--awb-color1-h),var(--awb-color1-s),var(--awb-color1-l),calc( var(--awb-color1-a) - 80% ));\"><\/div><\/div><\/div><div class=\"fusion-text fusion-text-2\" style=\"--awb-content-alignment:center;--awb-font-size:var(--awb-typography2-font-size);--awb-line-height:var(--awb-typography2-line-height);--awb-letter-spacing:var(--awb-typography2-letter-spacing);--awb-text-transform:var(--awb-typography2-text-transform);--awb-text-color:var(--awb-color1);--awb-text-font-family:var(--awb-typography2-font-family);--awb-text-font-weight:var(--awb-typography2-font-weight);--awb-text-font-style:var(--awb-typography2-font-style);\"><p>Avec <strong>cr\u00e9ativit\u00e9, innovation et professionnalisme<\/strong><\/p>\n<\/div><div style=\"text-align:center;\"><a class=\"fusion-button button-flat button-large button-default fusion-button-default button-1 fusion-button-default-span \" style=\"--button_margin-top:30px;\" target=\"_self\" href=\"http:\/\/corporess.com\/fr\/contact\/\"><span class=\"fusion-button-text\">Contactez-nous<\/span><\/a><\/div><\/div><\/div><\/div><\/div>\n<\/p>\n","protected":false},"excerpt":{"rendered":"","protected":false},"author":1,"featured_media":0,"parent":0,"menu_order":0,"comment_status":"open","ping_status":"closed","template":"100-width.php","meta":{"_acf_changed":false,"footnotes":""},"class_list":["post-3182","page","type-page","status-publish","hentry"],"acf":[],"yoast_head":"<!-- This site is optimized with the Yoast SEO plugin v26.8 - https:\/\/yoast.com\/product\/yoast-seo-wordpress\/ -->\n<title>R\u00c9F\u00c9RENCES - Corporess AG<\/title>\n<meta name=\"description\" content=\"Voici une s\u00e9lection de nos principaux clients qui ont choisi de faire confiance \u00e0 notre expertise, notre savoir-faire et notre engagement. Leur fid\u00e9lit\u00e9 et leur soutien continu sont la meilleure preuve de la qualit\u00e9 de notre travail.\" \/>\n<meta name=\"robots\" content=\"index, follow, max-snippet:-1, max-image-preview:large, max-video-preview:-1\" \/>\n<link rel=\"canonical\" href=\"https:\/\/corporess.com\/fr\/references\/\" \/>\n<meta property=\"og:locale\" content=\"fr_FR\" \/>\n<meta property=\"og:type\" content=\"article\" \/>\n<meta property=\"og:title\" content=\"R\u00c9F\u00c9RENCES - Corporess AG\" \/>\n<meta property=\"og:description\" content=\"Voici une s\u00e9lection de nos principaux clients qui ont choisi de faire confiance \u00e0 notre expertise, notre savoir-faire et notre engagement. Leur fid\u00e9lit\u00e9 et leur soutien continu sont la meilleure preuve de la qualit\u00e9 de notre travail.\" \/>\n<meta property=\"og:url\" content=\"https:\/\/corporess.com\/fr\/references\/\" \/>\n<meta property=\"og:site_name\" content=\"Corporess AG\" \/>\n<meta property=\"article:publisher\" content=\"https:\/\/www.facebook.com\/corporessag\" \/>\n<meta property=\"article:modified_time\" content=\"2025-04-07T12:30:57+00:00\" \/>\n<meta name=\"twitter:card\" content=\"summary_large_image\" \/>\n<meta name=\"twitter:label1\" content=\"Dur\u00e9e de lecture estim\u00e9e\" \/>\n\t<meta name=\"twitter:data1\" content=\"3 minutes\" \/>\n<script type=\"application\/ld+json\" class=\"yoast-schema-graph\">{\"@context\":\"https:\/\/schema.org\",\"@graph\":[{\"@type\":\"WebPage\",\"@id\":\"https:\/\/corporess.com\/fr\/references\/\",\"url\":\"https:\/\/corporess.com\/fr\/references\/\",\"name\":\"R\u00c9F\u00c9RENCES - Corporess AG\",\"isPartOf\":{\"@id\":\"https:\/\/corporess.com\/fr\/#website\"},\"datePublished\":\"2024-06-27T06:54:33+00:00\",\"dateModified\":\"2025-04-07T12:30:57+00:00\",\"description\":\"Voici une s\u00e9lection de nos principaux clients qui ont choisi de faire confiance \u00e0 notre expertise, notre savoir-faire et notre engagement. Leur fid\u00e9lit\u00e9 et leur soutien continu sont la meilleure preuve de la qualit\u00e9 de notre travail.\",\"breadcrumb\":{\"@id\":\"https:\/\/corporess.com\/fr\/references\/#breadcrumb\"},\"inLanguage\":\"fr-FR\",\"potentialAction\":[{\"@type\":\"ReadAction\",\"target\":[\"https:\/\/corporess.com\/fr\/references\/\"]}]},{\"@type\":\"BreadcrumbList\",\"@id\":\"https:\/\/corporess.com\/fr\/references\/#breadcrumb\",\"itemListElement\":[{\"@type\":\"ListItem\",\"position\":1,\"name\":\"Home\",\"item\":\"https:\/\/corporess.com\/fr\/\"},{\"@type\":\"ListItem\",\"position\":2,\"name\":\"R\u00c9F\u00c9RENCES\"}]},{\"@type\":\"WebSite\",\"@id\":\"https:\/\/corporess.com\/fr\/#website\",\"url\":\"https:\/\/corporess.com\/fr\/\",\"name\":\"Corporess AG\",\"description\":\"Professional Wear and Workflow\",\"publisher\":{\"@id\":\"https:\/\/corporess.com\/fr\/#organization\"},\"potentialAction\":[{\"@type\":\"SearchAction\",\"target\":{\"@type\":\"EntryPoint\",\"urlTemplate\":\"https:\/\/corporess.com\/fr\/?s={search_term_string}\"},\"query-input\":{\"@type\":\"PropertyValueSpecification\",\"valueRequired\":true,\"valueName\":\"search_term_string\"}}],\"inLanguage\":\"fr-FR\"},{\"@type\":\"Organization\",\"@id\":\"https:\/\/corporess.com\/fr\/#organization\",\"name\":\"Corporess AG\",\"url\":\"https:\/\/corporess.com\/fr\/\",\"logo\":{\"@type\":\"ImageObject\",\"inLanguage\":\"fr-FR\",\"@id\":\"https:\/\/corporess.com\/fr\/#\/schema\/logo\/image\/\",\"url\":\"https:\/\/corporess.com\/wp-content\/uploads\/2024\/11\/corporess_v.svg\",\"contentUrl\":\"https:\/\/corporess.com\/wp-content\/uploads\/2024\/11\/corporess_v.svg\",\"width\":600,\"height\":371,\"caption\":\"Corporess AG\"},\"image\":{\"@id\":\"https:\/\/corporess.com\/fr\/#\/schema\/logo\/image\/\"},\"sameAs\":[\"https:\/\/www.facebook.com\/corporessag\",\"https:\/\/www.instagram.com\/corporessag\",\"https:\/\/www.linkedin.com\/company\/corporess-ag\"]}]}<\/script>\n<!-- \/ Yoast SEO plugin. -->","yoast_head_json":{"title":"R\u00c9F\u00c9RENCES - Corporess AG","description":"Voici une s\u00e9lection de nos principaux clients qui ont choisi de faire confiance \u00e0 notre expertise, notre savoir-faire et notre engagement. Leur fid\u00e9lit\u00e9 et leur soutien continu sont la meilleure preuve de la qualit\u00e9 de notre travail.","robots":{"index":"index","follow":"follow","max-snippet":"max-snippet:-1","max-image-preview":"max-image-preview:large","max-video-preview":"max-video-preview:-1"},"canonical":"https:\/\/corporess.com\/fr\/references\/","og_locale":"fr_FR","og_type":"article","og_title":"R\u00c9F\u00c9RENCES - Corporess AG","og_description":"Voici une s\u00e9lection de nos principaux clients qui ont choisi de faire confiance \u00e0 notre expertise, notre savoir-faire et notre engagement. Leur fid\u00e9lit\u00e9 et leur soutien continu sont la meilleure preuve de la qualit\u00e9 de notre travail.","og_url":"https:\/\/corporess.com\/fr\/references\/","og_site_name":"Corporess AG","article_publisher":"https:\/\/www.facebook.com\/corporessag","article_modified_time":"2025-04-07T12:30:57+00:00","twitter_card":"summary_large_image","twitter_misc":{"Dur\u00e9e de lecture estim\u00e9e":"3 minutes"},"schema":{"@context":"https:\/\/schema.org","@graph":[{"@type":"WebPage","@id":"https:\/\/corporess.com\/fr\/references\/","url":"https:\/\/corporess.com\/fr\/references\/","name":"R\u00c9F\u00c9RENCES - Corporess AG","isPartOf":{"@id":"https:\/\/corporess.com\/fr\/#website"},"datePublished":"2024-06-27T06:54:33+00:00","dateModified":"2025-04-07T12:30:57+00:00","description":"Voici une s\u00e9lection de nos principaux clients qui ont choisi de faire confiance \u00e0 notre expertise, notre savoir-faire et notre engagement. Leur fid\u00e9lit\u00e9 et leur soutien continu sont la meilleure preuve de la qualit\u00e9 de notre travail.","breadcrumb":{"@id":"https:\/\/corporess.com\/fr\/references\/#breadcrumb"},"inLanguage":"fr-FR","potentialAction":[{"@type":"ReadAction","target":["https:\/\/corporess.com\/fr\/references\/"]}]},{"@type":"BreadcrumbList","@id":"https:\/\/corporess.com\/fr\/references\/#breadcrumb","itemListElement":[{"@type":"ListItem","position":1,"name":"Home","item":"https:\/\/corporess.com\/fr\/"},{"@type":"ListItem","position":2,"name":"R\u00c9F\u00c9RENCES"}]},{"@type":"WebSite","@id":"https:\/\/corporess.com\/fr\/#website","url":"https:\/\/corporess.com\/fr\/","name":"Corporess AG","description":"Professional Wear and Workflow","publisher":{"@id":"https:\/\/corporess.com\/fr\/#organization"},"potentialAction":[{"@type":"SearchAction","target":{"@type":"EntryPoint","urlTemplate":"https:\/\/corporess.com\/fr\/?s={search_term_string}"},"query-input":{"@type":"PropertyValueSpecification","valueRequired":true,"valueName":"search_term_string"}}],"inLanguage":"fr-FR"},{"@type":"Organization","@id":"https:\/\/corporess.com\/fr\/#organization","name":"Corporess AG","url":"https:\/\/corporess.com\/fr\/","logo":{"@type":"ImageObject","inLanguage":"fr-FR","@id":"https:\/\/corporess.com\/fr\/#\/schema\/logo\/image\/","url":"https:\/\/corporess.com\/wp-content\/uploads\/2024\/11\/corporess_v.svg","contentUrl":"https:\/\/corporess.com\/wp-content\/uploads\/2024\/11\/corporess_v.svg","width":600,"height":371,"caption":"Corporess AG"},"image":{"@id":"https:\/\/corporess.com\/fr\/#\/schema\/logo\/image\/"},"sameAs":["https:\/\/www.facebook.com\/corporessag","https:\/\/www.instagram.com\/corporessag","https:\/\/www.linkedin.com\/company\/corporess-ag"]}]}},"_links":{"self":[{"href":"https:\/\/corporess.com\/fr\/wp-json\/wp\/v2\/pages\/3182","targetHints":{"allow":["GET"]}}],"collection":[{"href":"https:\/\/corporess.com\/fr\/wp-json\/wp\/v2\/pages"}],"about":[{"href":"https:\/\/corporess.com\/fr\/wp-json\/wp\/v2\/types\/page"}],"author":[{"embeddable":true,"href":"https:\/\/corporess.com\/fr\/wp-json\/wp\/v2\/users\/1"}],"replies":[{"embeddable":true,"href":"https:\/\/corporess.com\/fr\/wp-json\/wp\/v2\/comments?post=3182"}],"version-history":[{"count":1,"href":"https:\/\/corporess.com\/fr\/wp-json\/wp\/v2\/pages\/3182\/revisions"}],"predecessor-version":[{"id":3434,"href":"https:\/\/corporess.com\/fr\/wp-json\/wp\/v2\/pages\/3182\/revisions\/3434"}],"wp:attachment":[{"href":"https:\/\/corporess.com\/fr\/wp-json\/wp\/v2\/media?parent=3182"}],"curies":[{"name":"wp","href":"https:\/\/api.w.org\/{rel}","templated":true}]}}